{"id":14,"date":"2024-10-28T15:59:07","date_gmt":"2024-10-28T14:59:07","guid":{"rendered":"https:\/\/www-advokat1.wp1.hcweb.dev\/?page_id=14"},"modified":"2025-02-18T14:33:28","modified_gmt":"2025-02-18T13:33:28","slug":"areas-of-expertise","status":"publish","type":"page","link":"https:\/\/www.advokat1.com\/en\/rettsomrader\/","title":{"rendered":"Some of our areas of expertise"},"content":{"rendered":"<p>Our expertise is at your service<\/p>\n\t\t\n\t<p>The lawyers in the joint office provide targeted and effective legal advice on everything from very simple legal issues to complex disputes. The lawyers have decades of experience, put the client's needs at the centre and ensure high quality in every single assignment.<\/p>\n\t<a href='https:\/\/www.advokat1.com\/en\/competences-and-jurisdictions\/labour-law\/'><\/a>\n<a href='https:\/\/www.advokat1.com\/en\/competences-and-jurisdictions\/labour-law\/'>Labour law<\/a>\t\n\t<a href='https:\/\/www.advokat1.com\/en\/competences-and-jurisdictions\/inheritance-law\/'><\/a>\n<a href='https:\/\/www.advokat1.com\/en\/competences-and-jurisdictions\/inheritance-law\/'>Inheritance planning and administration<\/a>\t\n\t<a href='https:\/\/www.advokat1.com\/en\/competences-and-jurisdictions\/building-and-construction-law\/'><\/a>\n<a href='https:\/\/www.advokat1.com\/en\/competences-and-jurisdictions\/building-and-construction-law\/'>Building and construction law<\/a>\t\n\t<a href='https:\/\/www.advokat1.com\/en\/competences-and-jurisdictions\/family-law\/'><\/a>\n<a href='https:\/\/www.advokat1.com\/en\/competences-and-jurisdictions\/family-law\/'>Family, children and child protection<\/a>\t\n\t<a href='https:\/\/www.advokat1.com\/en\/competences-and-jurisdictions\/real-property\/'><\/a>\n<a href='https:\/\/www.advokat1.com\/en\/competences-and-jurisdictions\/real-property\/'>Real estate and expropriation<\/a>\t\n\t<a href='https:\/\/www.advokat1.com\/en\/competences-and-jurisdictions\/insurance\/'><\/a>\n<a href='https:\/\/www.advokat1.com\/en\/competences-and-jurisdictions\/insurance\/'>Insurance and compensation<\/a>\t\n\t<a href='https:\/\/www.advokat1.com\/en\/competences-and-jurisdictions\/health-law\/'><\/a>\n<a href='https:\/\/www.advokat1.com\/en\/competences-and-jurisdictions\/health-law\/'>Health law and personal injury<\/a>\t\n\t<a href='https:\/\/www.advokat1.com\/en\/competences-and-jurisdictions\/contract-law\/'><\/a>\n<a href='https:\/\/www.advokat1.com\/en\/competences-and-jurisdictions\/contract-law\/'>Contract law<\/a>\t\n\t<a href='https:\/\/www.advokat1.com\/en\/competences-and-jurisdictions\/company-law\/'><\/a>\n<a href='https:\/\/www.advokat1.com\/en\/competences-and-jurisdictions\/company-law\/'>Company law<\/a>\t\n\t<a href='https:\/\/www.advokat1.com\/en\/competences-and-jurisdictions\/punishment-and-assistance\/'><\/a>\n<a href='https:\/\/www.advokat1.com\/en\/competences-and-jurisdictions\/punishment-and-assistance\/'>Penalties and assistance<\/a>\t\n\t<a href='https:\/\/www.advokat1.com\/en\/competences-and-jurisdictions\/transactions\/'><\/a>\n<a href='https:\/\/www.advokat1.com\/en\/competences-and-jurisdictions\/transactions\/'>Transactions<\/a>\t\n\t<a href='https:\/\/www.advokat1.com\/en\/competences-and-jurisdictions\/disputes-and-process\/'><\/a>\n<a href='https:\/\/www.advokat1.com\/en\/competences-and-jurisdictions\/disputes-and-process\/'>Disputes and process<\/a>\t\n\t\t\t\t<img loading=\"lazy\" decoding=\"async\" src=\"https:\/\/www.advokat1.com\/wp-content\/uploads\/2024\/12\/2W9A4370-1-scaled.jpg\" alt=\"2W9A4370\" itemprop=\"image\" height=\"1584\" width=\"2560\" title=\"2W9A4370\" onerror=\"this.style.display='none'\"  \/>","protected":false},"excerpt":{"rendered":"<p>Our expertise is at your service The lawyers in our shared offices provide targeted and effective legal advice on everything from simple legal issues to complex disputes. Our lawyers have decades of experience, put the client's needs at the centre and ensure high quality in every single assignment. Labour law Inheritance planning and estate planning Construction law Family, children and child welfare...<\/p>","protected":false},"author":1,"featured_media":0,"parent":0,"menu_order":0,"comment_status":"closed","ping_status":"closed","template":"","meta":{"_acf_changed":false,"footnotes":""},"fagfelt":[],"class_list":["post-14","page","type-page","status-publish","hentry"],"acf":[],"yoast_head":"<!-- This site is optimized with the Yoast SEO plugin v27.4 - https:\/\/yoast.com\/product\/yoast-seo-wordpress\/ -->\n<title>Noen av v\u00e5re fagfelt - Advokat 1<\/title>\n<meta name=\"description\" content=\"M\u00e5lrettet og effektiv juridisk r\u00e5dgivning innen alt fra helt enkle juridiske problemstillinger til komplekse tvistesaker.\" \/>\n<meta name=\"robots\" content=\"index, follow, max-snippet:-1, max-image-preview:large, max-video-preview:-1\" \/>\n<link rel=\"canonical\" href=\"https:\/\/www.advokat1.com\/en\/areas-of-expertise\/\" \/>\n<meta property=\"og:locale\" content=\"en_GB\" \/>\n<meta property=\"og:type\" content=\"article\" \/>\n<meta property=\"og:title\" content=\"Noen av v\u00e5re fagfelt - Advokat 1\" \/>\n<meta property=\"og:description\" content=\"M\u00e5lrettet og effektiv juridisk r\u00e5dgivning innen alt fra helt enkle juridiske problemstillinger til komplekse tvistesaker.\" \/>\n<meta property=\"og:url\" content=\"https:\/\/www.advokat1.com\/en\/areas-of-expertise\/\" \/>\n<meta property=\"og:site_name\" content=\"Advokat 1\" \/>\n<meta property=\"article:publisher\" content=\"https:\/\/www.facebook.com\/advokat1.no\/\" \/>\n<meta property=\"article:modified_time\" content=\"2025-02-18T13:33:28+00:00\" \/>\n<meta property=\"og:image\" content=\"https:\/\/www.advokat1.com\/wp-content\/uploads\/2024\/12\/2W9A4370-1-scaled.jpg\" \/>\n<meta name=\"twitter:card\" content=\"summary_large_image\" \/>\n<meta name=\"twitter:label1\" content=\"Estimated reading time\" \/>\n\t<meta name=\"twitter:data1\" content=\"1 minute\" \/>\n<script type=\"application\/ld+json\" class=\"yoast-schema-graph\">{\"@context\":\"https:\\\/\\\/schema.org\",\"@graph\":[{\"@type\":\"WebPage\",\"@id\":\"https:\\\/\\\/www.advokat1.com\\\/rettsomrader\\\/\",\"url\":\"https:\\\/\\\/www.advokat1.com\\\/rettsomrader\\\/\",\"name\":\"Noen av v\u00e5re fagfelt - Advokat 1\",\"isPartOf\":{\"@id\":\"https:\\\/\\\/www.advokat1.com\\\/#website\"},\"primaryImageOfPage\":{\"@id\":\"https:\\\/\\\/www.advokat1.com\\\/rettsomrader\\\/#primaryimage\"},\"image\":{\"@id\":\"https:\\\/\\\/www.advokat1.com\\\/rettsomrader\\\/#primaryimage\"},\"thumbnailUrl\":\"https:\\\/\\\/www.advokat1.com\\\/wp-content\\\/uploads\\\/2024\\\/12\\\/2W9A4370-1-scaled.jpg\",\"datePublished\":\"2024-10-28T14:59:07+00:00\",\"dateModified\":\"2025-02-18T13:33:28+00:00\",\"description\":\"M\u00e5lrettet og effektiv juridisk r\u00e5dgivning innen alt fra helt enkle juridiske problemstillinger til komplekse tvistesaker.\",\"breadcrumb\":{\"@id\":\"https:\\\/\\\/www.advokat1.com\\\/rettsomrader\\\/#breadcrumb\"},\"inLanguage\":\"en-GB\",\"potentialAction\":[{\"@type\":\"ReadAction\",\"target\":[\"https:\\\/\\\/www.advokat1.com\\\/rettsomrader\\\/\"]}]},{\"@type\":\"ImageObject\",\"inLanguage\":\"en-GB\",\"@id\":\"https:\\\/\\\/www.advokat1.com\\\/rettsomrader\\\/#primaryimage\",\"url\":\"https:\\\/\\\/www.advokat1.com\\\/wp-content\\\/uploads\\\/2024\\\/12\\\/2W9A4370-1-scaled.jpg\",\"contentUrl\":\"https:\\\/\\\/www.advokat1.com\\\/wp-content\\\/uploads\\\/2024\\\/12\\\/2W9A4370-1-scaled.jpg\"},{\"@type\":\"BreadcrumbList\",\"@id\":\"https:\\\/\\\/www.advokat1.com\\\/rettsomrader\\\/#breadcrumb\",\"itemListElement\":[{\"@type\":\"ListItem\",\"position\":1,\"name\":\"Hjem\",\"item\":\"https:\\\/\\\/www.advokat1.com\\\/\"},{\"@type\":\"ListItem\",\"position\":2,\"name\":\"Noen av v\u00e5re fagfelt\"}]},{\"@type\":\"WebSite\",\"@id\":\"https:\\\/\\\/www.advokat1.com\\\/#website\",\"url\":\"https:\\\/\\\/www.advokat1.com\\\/\",\"name\":\"Advokat 1\",\"description\":\"\",\"publisher\":{\"@id\":\"https:\\\/\\\/www.advokat1.com\\\/#organization\"},\"potentialAction\":[{\"@type\":\"SearchAction\",\"target\":{\"@type\":\"EntryPoint\",\"urlTemplate\":\"https:\\\/\\\/www.advokat1.com\\\/?s={search_term_string}\"},\"query-input\":{\"@type\":\"PropertyValueSpecification\",\"valueRequired\":true,\"valueName\":\"search_term_string\"}}],\"inLanguage\":\"en-GB\"},{\"@type\":\"Organization\",\"@id\":\"https:\\\/\\\/www.advokat1.com\\\/#organization\",\"name\":\"Advokat1\",\"alternateName\":\"Advokat 1 Stavanger\",\"url\":\"https:\\\/\\\/www.advokat1.com\\\/\",\"logo\":{\"@type\":\"ImageObject\",\"inLanguage\":\"en-GB\",\"@id\":\"https:\\\/\\\/www.advokat1.com\\\/#\\\/schema\\\/logo\\\/image\\\/\",\"url\":\"https:\\\/\\\/www.advokat1.com\\\/wp-content\\\/uploads\\\/2024\\\/11\\\/cropped-favicon.png\",\"contentUrl\":\"https:\\\/\\\/www.advokat1.com\\\/wp-content\\\/uploads\\\/2024\\\/11\\\/cropped-favicon.png\",\"width\":512,\"height\":512,\"caption\":\"Advokat1\"},\"image\":{\"@id\":\"https:\\\/\\\/www.advokat1.com\\\/#\\\/schema\\\/logo\\\/image\\\/\"},\"sameAs\":[\"https:\\\/\\\/www.facebook.com\\\/advokat1.no\\\/\"]}]}<\/script>\n<!-- \/ Yoast SEO plugin. -->","yoast_head_json":{"title":"Some of our areas of expertise - Lawyer 1","description":"Targeted and effective legal advice on everything from simple legal issues to complex disputes.","robots":{"index":"index","follow":"follow","max-snippet":"max-snippet:-1","max-image-preview":"max-image-preview:large","max-video-preview":"max-video-preview:-1"},"canonical":"https:\/\/www.advokat1.com\/en\/areas-of-expertise\/","og_locale":"en_GB","og_type":"article","og_title":"Noen av v\u00e5re fagfelt - Advokat 1","og_description":"M\u00e5lrettet og effektiv juridisk r\u00e5dgivning innen alt fra helt enkle juridiske problemstillinger til komplekse tvistesaker.","og_url":"https:\/\/www.advokat1.com\/en\/areas-of-expertise\/","og_site_name":"Advokat 1","article_publisher":"https:\/\/www.facebook.com\/advokat1.no\/","article_modified_time":"2025-02-18T13:33:28+00:00","og_image":[{"url":"https:\/\/www.advokat1.com\/wp-content\/uploads\/2024\/12\/2W9A4370-1-scaled.jpg","type":"","width":"","height":""}],"twitter_card":"summary_large_image","twitter_misc":{"Estimated reading time":"1 minute"},"schema":{"@context":"https:\/\/schema.org","@graph":[{"@type":"WebPage","@id":"https:\/\/www.advokat1.com\/rettsomrader\/","url":"https:\/\/www.advokat1.com\/rettsomrader\/","name":"Some of our areas of expertise - Lawyer 1","isPartOf":{"@id":"https:\/\/www.advokat1.com\/#website"},"primaryImageOfPage":{"@id":"https:\/\/www.advokat1.com\/rettsomrader\/#primaryimage"},"image":{"@id":"https:\/\/www.advokat1.com\/rettsomrader\/#primaryimage"},"thumbnailUrl":"https:\/\/www.advokat1.com\/wp-content\/uploads\/2024\/12\/2W9A4370-1-scaled.jpg","datePublished":"2024-10-28T14:59:07+00:00","dateModified":"2025-02-18T13:33:28+00:00","description":"Targeted and effective legal advice on everything from simple legal issues to complex disputes.","breadcrumb":{"@id":"https:\/\/www.advokat1.com\/rettsomrader\/#breadcrumb"},"inLanguage":"en-GB","potentialAction":[{"@type":"ReadAction","target":["https:\/\/www.advokat1.com\/rettsomrader\/"]}]},{"@type":"ImageObject","inLanguage":"en-GB","@id":"https:\/\/www.advokat1.com\/rettsomrader\/#primaryimage","url":"https:\/\/www.advokat1.com\/wp-content\/uploads\/2024\/12\/2W9A4370-1-scaled.jpg","contentUrl":"https:\/\/www.advokat1.com\/wp-content\/uploads\/2024\/12\/2W9A4370-1-scaled.jpg"},{"@type":"BreadcrumbList","@id":"https:\/\/www.advokat1.com\/rettsomrader\/#breadcrumb","itemListElement":[{"@type":"ListItem","position":1,"name":"Hjem","item":"https:\/\/www.advokat1.com\/"},{"@type":"ListItem","position":2,"name":"Noen av v\u00e5re fagfelt"}]},{"@type":"WebSite","@id":"https:\/\/www.advokat1.com\/#website","url":"https:\/\/www.advokat1.com\/","name":"Advokat 1","description":"","publisher":{"@id":"https:\/\/www.advokat1.com\/#organization"},"potentialAction":[{"@type":"SearchAction","target":{"@type":"EntryPoint","urlTemplate":"https:\/\/www.advokat1.com\/?s={search_term_string}"},"query-input":{"@type":"PropertyValueSpecification","valueRequired":true,"valueName":"search_term_string"}}],"inLanguage":"en-GB"},{"@type":"Organization","@id":"https:\/\/www.advokat1.com\/#organization","name":"Lawyer1","alternateName":"Advokat 1 Stavanger","url":"https:\/\/www.advokat1.com\/","logo":{"@type":"ImageObject","inLanguage":"en-GB","@id":"https:\/\/www.advokat1.com\/#\/schema\/logo\/image\/","url":"https:\/\/www.advokat1.com\/wp-content\/uploads\/2024\/11\/cropped-favicon.png","contentUrl":"https:\/\/www.advokat1.com\/wp-content\/uploads\/2024\/11\/cropped-favicon.png","width":512,"height":512,"caption":"Advokat1"},"image":{"@id":"https:\/\/www.advokat1.com\/#\/schema\/logo\/image\/"},"sameAs":["https:\/\/www.facebook.com\/advokat1.no\/"]}]}},"_links":{"self":[{"href":"https:\/\/www.advokat1.com\/en\/wp-json\/wp\/v2\/pages\/14","targetHints":{"allow":["GET"]}}],"collection":[{"href":"https:\/\/www.advokat1.com\/en\/wp-json\/wp\/v2\/pages"}],"about":[{"href":"https:\/\/www.advokat1.com\/en\/wp-json\/wp\/v2\/types\/page"}],"author":[{"embeddable":true,"href":"https:\/\/www.advokat1.com\/en\/wp-json\/wp\/v2\/users\/1"}],"replies":[{"embeddable":true,"href":"https:\/\/www.advokat1.com\/en\/wp-json\/wp\/v2\/comments?post=14"}],"version-history":[{"count":2,"href":"https:\/\/www.advokat1.com\/en\/wp-json\/wp\/v2\/pages\/14\/revisions"}],"predecessor-version":[{"id":8407,"href":"https:\/\/www.advokat1.com\/en\/wp-json\/wp\/v2\/pages\/14\/revisions\/8407"}],"wp:attachment":[{"href":"https:\/\/www.advokat1.com\/en\/wp-json\/wp\/v2\/media?parent=14"}],"wp:term":[{"taxonomy":"fagfelt","embeddable":true,"href":"https:\/\/www.advokat1.com\/en\/wp-json\/wp\/v2\/fagfelt?post=14"}],"curies":[{"name":"wp","href":"https:\/\/api.w.org\/{rel}","templated":true}]}}