{"id":20,"date":"2024-10-28T15:59:43","date_gmt":"2024-10-28T14:59:43","guid":{"rendered":"https:\/\/www-advokat1.wp1.hcweb.dev\/?page_id=20"},"modified":"2025-02-19T14:10:47","modified_gmt":"2025-02-19T13:10:47","slug":"book-mediation","status":"publish","type":"page","link":"https:\/\/www.advokat1.com\/en\/bestill-mekling\/","title":{"rendered":"Book family mediation"},"content":{"rendered":"\n\n\t<h2>Mekling etter ekteskapsloven og barneloven.<\/h2>\n<p>Advokat <a href=\"https:\/\/www.advokat1.com\/advokat\/gry-sorhus-mollan\/\">Gry S. Mollan<\/a> er godkjent offentlig mekler i Rogaland. Dette inneb\u00e6rer at meklingsattest utstedes og at ordningen er gratis for foreldrene.<\/p>\n<p>Ved samlivsbrudd, separasjon og foreldretvister m\u00e5 foreldre med barn under 16 \u00e5r m\u00f8te til mekling. Hensikten er \u00e5 hjelpe foreldrene med \u00e5 lage en avtale om foreldresamarbeid som ivaretar barnets beste.<\/p>\n<p>Mekler skal v\u00e6re n\u00f8ytral og b\u00f8r derfor ikke snakke med partene f\u00f8r f\u00f8rste meklingstime. Mekling kan enkelt bestilles ved \u00e5 fylle ut og sende skjema nedenfor, ringe kontortelefon <a href=\"tel: 4000 3150\">4000 3150<\/a> eller direkte til Gry S\u00f8rhus Mollan p\u00e5 telefon <a href=\"tel:916 11 245\">916 11 245<\/a>.<\/p>\n<ul>\n<li>Innkalling til mekling sendes til partene.<\/li>\n<li>Begj\u00e6rende part er den som bestiller meklingen.<\/li>\n<li>Meklingsattest vil bli levert til partene under f\u00f8rste meklingstime.<\/li>\n<\/ul>\n<p><a href=\"https:\/\/www.bufdir.no\/familie\/samlivsbrudd\/\" target=\"_blank\" rel=\"noopener\">Les mer om samlivsbrudd hos Bufdir her.\u00a0<\/a><\/p>\n<p>Vi anbefaler at dere ser gjennom forslag til avtale f\u00f8r meklingstimen. <a href=\"https:\/\/www.bufdir.no\/familie\/samlivsbrudd\/foreldresamarbeidsavtalen\/\" target=\"_blank\" rel=\"noopener\">Se forslag hos Bufdir.\u00a0<\/a><\/p>\n\t\t\t<h3>Bestill mekling her:<\/h3>\n    <form id=\"wpforms-form-45\" data-formid=\"45\" method=\"post\" enctype=\"multipart\/form-data\" action=\"\/?page_id=20&#038;fl_builder\" data-token=\"cc081f2905c1bf8598f6f7adcd3016f4\" data-token-time=\"1739970647\">Please enable JavaScript in your browser to complete this form.Please enable JavaScript in your browser to complete this form.1Begj\u00e6rende part2Part3Barn\t\t\n\t\t\t<label for=\"wpforms-45-field_3\">og Adresse (part)<\/label>\n\t\t\t<input type=\"text\" id=\"wpforms-45-field_3\" name=\"wpforms[fields][3]\"\/>\n\t\t<h3>\n\t\t\t\tBegj\u00e6rende part (navn og f\u00f8dselsdato)\n\t\t\t<\/h3><label for=\"wpforms-45-field_8\">Navn *<\/label><input type=\"text\" id=\"wpforms-45-field_8\" name=\"wpforms[fields][8]\" aria-errormessage=\"wpforms-45-field_8-error\" aria-describedby=\"wpforms-45-field_8-description\" required\/>Ditt navn<label for=\"wpforms-45-field_1\">F\u00f8dselsdato *<\/label><input type=\"text\" id=\"wpforms-45-field_1\" name=\"wpforms[fields][1]\" aria-errormessage=\"wpforms-45-field_1-error\" aria-describedby=\"wpforms-45-field_1-description\" required\/>Din f\u00f8dselsdato<label for=\"wpforms-45-field_2\">E-post  *<\/label><input type=\"text\" id=\"wpforms-45-field_2\" name=\"wpforms[fields][2]\" aria-errormessage=\"wpforms-45-field_2-error\" aria-describedby=\"wpforms-45-field_2-description\" required\/>Din e-postadresse<label for=\"wpforms-45-field_4\">Telefon *<\/label><input type=\"number\" id=\"wpforms-45-field_4\" name=\"wpforms[fields][4]\" aria-errormessage=\"wpforms-45-field_4-error\" aria-describedby=\"wpforms-45-field_4-description\" required\/>Ditt telefonnummer<label for=\"wpforms-45-field_24\">Adresse *<\/label><textarea id=\"wpforms-45-field_24\" name=\"wpforms[fields][24]\" aria-errormessage=\"wpforms-45-field_24-error\" aria-describedby=\"wpforms-45-field_24-description\" required><\/textarea>Din gateadresse, postnummer og poststed<button\n\t\t\t\t\tdata-action=\"next\" data-page=\"1\" data-formid=\"45\" aria-disabled=\"true\" aria-describedby=\"wpforms-error-noscript\">Videre<\/button><h3>\n\t\t\t\tPart (navn og f\u00f8dselsdato)\n\t\t\t<\/h3>Din parts e-postadresse<label for=\"wpforms-45-field_10\">Navn (part) *<\/label><input type=\"text\" id=\"wpforms-45-field_10\" name=\"wpforms[fields][10]\" aria-errormessage=\"wpforms-45-field_10-error\" aria-describedby=\"wpforms-45-field_10-description\" required\/>Din parts navn<label for=\"wpforms-45-field_12\">F\u00f8dselsdato (part) *<\/label><input type=\"text\" id=\"wpforms-45-field_12\" name=\"wpforms[fields][12]\" aria-errormessage=\"wpforms-45-field_12-error\" aria-describedby=\"wpforms-45-field_12-description\" required\/>Din parts f\u00f8dselsdato<label for=\"wpforms-45-field_11\">E-post (part) *<\/label><input type=\"text\" id=\"wpforms-45-field_11\" name=\"wpforms[fields][11]\" aria-errormessage=\"wpforms-45-field_11-error\" aria-describedby=\"wpforms-45-field_11-description\" required\/>Din parts e-postadresse<label for=\"wpforms-45-field_13\">Telefon (part) *<\/label><input type=\"number\" id=\"wpforms-45-field_13\" name=\"wpforms[fields][13]\" aria-errormessage=\"wpforms-45-field_13-error\" aria-describedby=\"wpforms-45-field_13-description\" required\/>Din parts telefonnummer<label for=\"wpforms-45-field_5\">Adresse (part) *<\/label><textarea id=\"wpforms-45-field_5\" name=\"wpforms[fields][5]\" aria-errormessage=\"wpforms-45-field_5-error\" aria-describedby=\"wpforms-45-field_5-description\" required><\/textarea>Din parts gateadresse, postnummer og poststed<button\n\t\t\t\t\tdata-action=\"prev\" data-page=\"2\" data-formid=\"45\" aria-disabled=\"true\" aria-describedby=\"wpforms-error-noscript\">Tilbake<\/button><button\n\t\t\t\t\tdata-action=\"next\" data-page=\"2\" data-formid=\"45\" aria-disabled=\"true\" aria-describedby=\"wpforms-error-noscript\">Videre<\/button><h3>\n\t\t\t\tBarn\n\t\t\t<\/h3><input type=\"hidden\" name=\"wpforms[fields][18][clone_list]\" value=\"[]\"\/><label for=\"wpforms-45-field_19\">Barn (navn og f\u00f8dselsdato)<\/label><input type=\"text\" id=\"wpforms-45-field_19\" name=\"wpforms[fields][19]\" aria-errormessage=\"wpforms-45-field_19-error\" aria-describedby=\"wpforms-45-field_19-description\"\/>Navn og f\u00f8dselsdato p\u00e5 deres barn. Legg til flere ved \u00e5 trykk p\u00e5 + tegnet\n\t\t\t\t<button type=\"button\" title=\"Add\">\n\t\t\t\t<\/button>\n\t\t\t\t<button type=\"button\" title=\"Remove\">\n\t\t\t\t<\/button>\n\t\t\t<label for=\"wpforms-45-field_20\">Info og kommentar<\/label><textarea id=\"wpforms-45-field_20\" name=\"wpforms[fields][20]\" aria-errormessage=\"wpforms-45-field_20-error\" aria-describedby=\"wpforms-45-field_20-description\"><\/textarea>Annen relevant informasjon.<button\n\t\t\t\t\tdata-action=\"prev\" data-page=\"3\" data-formid=\"45\" aria-disabled=\"true\" aria-describedby=\"wpforms-error-noscript\">Tilbake<\/button><!-- .wpforms-field-container --><input type=\"hidden\" name=\"wpforms[recaptcha]\" value=\"\"\/><input type=\"hidden\" name=\"wpforms[id]\" value=\"45\"\/>\t\t\t<input type=\"hidden\"\n\t\t\t\tname=\"wpforms[nonce]\"\n\t\t\t\tvalue=\"43d87023df\"\n\t\t\t\/>\n\t\t\t<input type=\"hidden\" name=\"page_title\" value=\"Bestill familiemekling\"\/><input type=\"hidden\" name=\"page_url\" value=\"https:\/\/www.advokat1.com\/?page_id=20&#038;fl_builder\"\/><input type=\"hidden\" name=\"page_id\" value=\"20\"\/><input type=\"hidden\" name=\"wpforms[post_id]\" value=\"20\"\/><button type=\"submit\" name=\"wpforms[submit]\" id=\"wpforms-submit-45\" data-alt-text=\"Sender\" data-submit-text=\"Send bestilling\" aria-live=\"assertive\" value=\"wpforms-submit\">Send bestilling<\/button><img loading=\"lazy\" decoding=\"async\" src=\"https:\/\/www.advokat1.com\/wp-content\/plugins\/wpforms\/assets\/images\/submit-spin.svg\" width=\"26\" height=\"26\" alt=\"Loading\"\/><\/form>  <!-- .wpforms-container -->\n\n","protected":false},"excerpt":{"rendered":"<p>Mediation under the Marriage Act and the Children Act. Attorney Gry S. Mollan is an authorised public mediator in Rogaland. This means that a mediation certificate is issued and that the arrangement is free of charge for the parents. Parents with children under the age of 16 must attend a mediation session in the event of divorce, separation or parental disputes. The aim is to help the parents reach an agreement on parental co-operation that...<\/p>","protected":false},"author":1,"featured_media":0,"parent":0,"menu_order":0,"comment_status":"closed","ping_status":"closed","template":"","meta":{"_acf_changed":false,"footnotes":""},"fagfelt":[],"class_list":["post-20","page","type-page","status-publish","hentry"],"acf":[],"yoast_head":"<!-- This site is optimized with the Yoast SEO plugin v27.4 - https:\/\/yoast.com\/product\/yoast-seo-wordpress\/ -->\n<title>Bestill familiemekling - Advokat 1<\/title>\n<meta name=\"description\" content=\"Ved samlivsbrudd, separasjon og foreldretvister m\u00e5 foreldre med barn under 16 \u00e5r m\u00f8te til mekling. Hensikten er \u00e5 hjelpe foreldrene med \u00e5 lage en avtale om foreldresamarbeid som ivaretar barnets beste.\" \/>\n<meta name=\"robots\" content=\"index, follow, max-snippet:-1, max-image-preview:large, max-video-preview:-1\" \/>\n<link rel=\"canonical\" href=\"https:\/\/www.advokat1.com\/en\/book-mediation\/\" \/>\n<meta property=\"og:locale\" content=\"en_GB\" \/>\n<meta property=\"og:type\" content=\"article\" \/>\n<meta property=\"og:title\" content=\"Bestill familiemekling - Advokat 1\" \/>\n<meta property=\"og:description\" content=\"Ved samlivsbrudd, separasjon og foreldretvister m\u00e5 foreldre med barn under 16 \u00e5r m\u00f8te til mekling. Hensikten er \u00e5 hjelpe foreldrene med \u00e5 lage en avtale om foreldresamarbeid som ivaretar barnets beste.\" \/>\n<meta property=\"og:url\" content=\"https:\/\/www.advokat1.com\/en\/book-mediation\/\" \/>\n<meta property=\"og:site_name\" content=\"Advokat 1\" \/>\n<meta property=\"article:publisher\" content=\"https:\/\/www.facebook.com\/advokat1.no\/\" \/>\n<meta property=\"article:modified_time\" content=\"2025-02-19T13:10:47+00:00\" \/>\n<meta property=\"og:image\" content=\"https:\/\/www.advokat1.com\/wp-content\/plugins\/wpforms\/assets\/images\/submit-spin.svg\" \/>\n<meta name=\"twitter:card\" content=\"summary_large_image\" \/>\n<meta name=\"twitter:label1\" content=\"Estimated reading time\" \/>\n\t<meta name=\"twitter:data1\" content=\"2 minutes\" \/>\n<script type=\"application\/ld+json\" class=\"yoast-schema-graph\">{\"@context\":\"https:\\\/\\\/schema.org\",\"@graph\":[{\"@type\":\"WebPage\",\"@id\":\"https:\\\/\\\/www.advokat1.com\\\/bestill-mekling\\\/\",\"url\":\"https:\\\/\\\/www.advokat1.com\\\/bestill-mekling\\\/\",\"name\":\"Bestill familiemekling - Advokat 1\",\"isPartOf\":{\"@id\":\"https:\\\/\\\/www.advokat1.com\\\/#website\"},\"primaryImageOfPage\":{\"@id\":\"https:\\\/\\\/www.advokat1.com\\\/bestill-mekling\\\/#primaryimage\"},\"image\":{\"@id\":\"https:\\\/\\\/www.advokat1.com\\\/bestill-mekling\\\/#primaryimage\"},\"thumbnailUrl\":\"https:\\\/\\\/www.advokat1.com\\\/wp-content\\\/plugins\\\/wpforms\\\/assets\\\/images\\\/submit-spin.svg\",\"datePublished\":\"2024-10-28T14:59:43+00:00\",\"dateModified\":\"2025-02-19T13:10:47+00:00\",\"description\":\"Ved samlivsbrudd, separasjon og foreldretvister m\u00e5 foreldre med barn under 16 \u00e5r m\u00f8te til mekling. Hensikten er \u00e5 hjelpe foreldrene med \u00e5 lage en avtale om foreldresamarbeid som ivaretar barnets beste.\",\"breadcrumb\":{\"@id\":\"https:\\\/\\\/www.advokat1.com\\\/bestill-mekling\\\/#breadcrumb\"},\"inLanguage\":\"en-GB\",\"potentialAction\":[{\"@type\":\"ReadAction\",\"target\":[\"https:\\\/\\\/www.advokat1.com\\\/bestill-mekling\\\/\"]}]},{\"@type\":\"ImageObject\",\"inLanguage\":\"en-GB\",\"@id\":\"https:\\\/\\\/www.advokat1.com\\\/bestill-mekling\\\/#primaryimage\",\"url\":\"https:\\\/\\\/www.advokat1.com\\\/wp-content\\\/plugins\\\/wpforms\\\/assets\\\/images\\\/submit-spin.svg\",\"contentUrl\":\"https:\\\/\\\/www.advokat1.com\\\/wp-content\\\/plugins\\\/wpforms\\\/assets\\\/images\\\/submit-spin.svg\"},{\"@type\":\"BreadcrumbList\",\"@id\":\"https:\\\/\\\/www.advokat1.com\\\/bestill-mekling\\\/#breadcrumb\",\"itemListElement\":[{\"@type\":\"ListItem\",\"position\":1,\"name\":\"Hjem\",\"item\":\"https:\\\/\\\/www.advokat1.com\\\/\"},{\"@type\":\"ListItem\",\"position\":2,\"name\":\"Bestill familiemekling\"}]},{\"@type\":\"WebSite\",\"@id\":\"https:\\\/\\\/www.advokat1.com\\\/#website\",\"url\":\"https:\\\/\\\/www.advokat1.com\\\/\",\"name\":\"Advokat 1\",\"description\":\"\",\"publisher\":{\"@id\":\"https:\\\/\\\/www.advokat1.com\\\/#organization\"},\"potentialAction\":[{\"@type\":\"SearchAction\",\"target\":{\"@type\":\"EntryPoint\",\"urlTemplate\":\"https:\\\/\\\/www.advokat1.com\\\/?s={search_term_string}\"},\"query-input\":{\"@type\":\"PropertyValueSpecification\",\"valueRequired\":true,\"valueName\":\"search_term_string\"}}],\"inLanguage\":\"en-GB\"},{\"@type\":\"Organization\",\"@id\":\"https:\\\/\\\/www.advokat1.com\\\/#organization\",\"name\":\"Advokat1\",\"alternateName\":\"Advokat 1 Stavanger\",\"url\":\"https:\\\/\\\/www.advokat1.com\\\/\",\"logo\":{\"@type\":\"ImageObject\",\"inLanguage\":\"en-GB\",\"@id\":\"https:\\\/\\\/www.advokat1.com\\\/#\\\/schema\\\/logo\\\/image\\\/\",\"url\":\"https:\\\/\\\/www.advokat1.com\\\/wp-content\\\/uploads\\\/2024\\\/11\\\/cropped-favicon.png\",\"contentUrl\":\"https:\\\/\\\/www.advokat1.com\\\/wp-content\\\/uploads\\\/2024\\\/11\\\/cropped-favicon.png\",\"width\":512,\"height\":512,\"caption\":\"Advokat1\"},\"image\":{\"@id\":\"https:\\\/\\\/www.advokat1.com\\\/#\\\/schema\\\/logo\\\/image\\\/\"},\"sameAs\":[\"https:\\\/\\\/www.facebook.com\\\/advokat1.no\\\/\"]}]}<\/script>\n<!-- \/ Yoast SEO plugin. -->","yoast_head_json":{"title":"Book family mediation - Lawyer 1","description":"Parents with children under the age of 16 must attend mediation in the event of divorce, separation and parental disputes. The purpose is to help the parents reach an agreement on parental co-operation that safeguards the child's best interests.","robots":{"index":"index","follow":"follow","max-snippet":"max-snippet:-1","max-image-preview":"max-image-preview:large","max-video-preview":"max-video-preview:-1"},"canonical":"https:\/\/www.advokat1.com\/en\/book-mediation\/","og_locale":"en_GB","og_type":"article","og_title":"Bestill familiemekling - Advokat 1","og_description":"Ved samlivsbrudd, separasjon og foreldretvister m\u00e5 foreldre med barn under 16 \u00e5r m\u00f8te til mekling. Hensikten er \u00e5 hjelpe foreldrene med \u00e5 lage en avtale om foreldresamarbeid som ivaretar barnets beste.","og_url":"https:\/\/www.advokat1.com\/en\/book-mediation\/","og_site_name":"Advokat 1","article_publisher":"https:\/\/www.facebook.com\/advokat1.no\/","article_modified_time":"2025-02-19T13:10:47+00:00","og_image":[{"url":"https:\/\/www.advokat1.com\/wp-content\/plugins\/wpforms\/assets\/images\/submit-spin.svg","type":"","width":"","height":""}],"twitter_card":"summary_large_image","twitter_misc":{"Estimated reading time":"2 minutes"},"schema":{"@context":"https:\/\/schema.org","@graph":[{"@type":"WebPage","@id":"https:\/\/www.advokat1.com\/bestill-mekling\/","url":"https:\/\/www.advokat1.com\/bestill-mekling\/","name":"Book family mediation - Lawyer 1","isPartOf":{"@id":"https:\/\/www.advokat1.com\/#website"},"primaryImageOfPage":{"@id":"https:\/\/www.advokat1.com\/bestill-mekling\/#primaryimage"},"image":{"@id":"https:\/\/www.advokat1.com\/bestill-mekling\/#primaryimage"},"thumbnailUrl":"https:\/\/www.advokat1.com\/wp-content\/plugins\/wpforms\/assets\/images\/submit-spin.svg","datePublished":"2024-10-28T14:59:43+00:00","dateModified":"2025-02-19T13:10:47+00:00","description":"Parents with children under the age of 16 must attend mediation in the event of divorce, separation and parental disputes. The purpose is to help the parents reach an agreement on parental co-operation that safeguards the child's best interests.","breadcrumb":{"@id":"https:\/\/www.advokat1.com\/bestill-mekling\/#breadcrumb"},"inLanguage":"en-GB","potentialAction":[{"@type":"ReadAction","target":["https:\/\/www.advokat1.com\/bestill-mekling\/"]}]},{"@type":"ImageObject","inLanguage":"en-GB","@id":"https:\/\/www.advokat1.com\/bestill-mekling\/#primaryimage","url":"https:\/\/www.advokat1.com\/wp-content\/plugins\/wpforms\/assets\/images\/submit-spin.svg","contentUrl":"https:\/\/www.advokat1.com\/wp-content\/plugins\/wpforms\/assets\/images\/submit-spin.svg"},{"@type":"BreadcrumbList","@id":"https:\/\/www.advokat1.com\/bestill-mekling\/#breadcrumb","itemListElement":[{"@type":"ListItem","position":1,"name":"Hjem","item":"https:\/\/www.advokat1.com\/"},{"@type":"ListItem","position":2,"name":"Bestill familiemekling"}]},{"@type":"WebSite","@id":"https:\/\/www.advokat1.com\/#website","url":"https:\/\/www.advokat1.com\/","name":"Advokat 1","description":"","publisher":{"@id":"https:\/\/www.advokat1.com\/#organization"},"potentialAction":[{"@type":"SearchAction","target":{"@type":"EntryPoint","urlTemplate":"https:\/\/www.advokat1.com\/?s={search_term_string}"},"query-input":{"@type":"PropertyValueSpecification","valueRequired":true,"valueName":"search_term_string"}}],"inLanguage":"en-GB"},{"@type":"Organization","@id":"https:\/\/www.advokat1.com\/#organization","name":"Lawyer1","alternateName":"Advokat 1 Stavanger","url":"https:\/\/www.advokat1.com\/","logo":{"@type":"ImageObject","inLanguage":"en-GB","@id":"https:\/\/www.advokat1.com\/#\/schema\/logo\/image\/","url":"https:\/\/www.advokat1.com\/wp-content\/uploads\/2024\/11\/cropped-favicon.png","contentUrl":"https:\/\/www.advokat1.com\/wp-content\/uploads\/2024\/11\/cropped-favicon.png","width":512,"height":512,"caption":"Advokat1"},"image":{"@id":"https:\/\/www.advokat1.com\/#\/schema\/logo\/image\/"},"sameAs":["https:\/\/www.facebook.com\/advokat1.no\/"]}]}},"_links":{"self":[{"href":"https:\/\/www.advokat1.com\/en\/wp-json\/wp\/v2\/pages\/20","targetHints":{"allow":["GET"]}}],"collection":[{"href":"https:\/\/www.advokat1.com\/en\/wp-json\/wp\/v2\/pages"}],"about":[{"href":"https:\/\/www.advokat1.com\/en\/wp-json\/wp\/v2\/types\/page"}],"author":[{"embeddable":true,"href":"https:\/\/www.advokat1.com\/en\/wp-json\/wp\/v2\/users\/1"}],"replies":[{"embeddable":true,"href":"https:\/\/www.advokat1.com\/en\/wp-json\/wp\/v2\/comments?post=20"}],"version-history":[{"count":2,"href":"https:\/\/www.advokat1.com\/en\/wp-json\/wp\/v2\/pages\/20\/revisions"}],"predecessor-version":[{"id":8426,"href":"https:\/\/www.advokat1.com\/en\/wp-json\/wp\/v2\/pages\/20\/revisions\/8426"}],"wp:attachment":[{"href":"https:\/\/www.advokat1.com\/en\/wp-json\/wp\/v2\/media?parent=20"}],"wp:term":[{"taxonomy":"fagfelt","embeddable":true,"href":"https:\/\/www.advokat1.com\/en\/wp-json\/wp\/v2\/fagfelt?post=20"}],"curies":[{"name":"wp","href":"https:\/\/api.w.org\/{rel}","templated":true}]}}