{"id":3,"date":"2024-10-28T00:23:19","date_gmt":"2024-10-27T23:23:19","guid":{"rendered":"https:\/\/www-advokat1.wp1.hcweb.dev\/?page_id=3"},"modified":"2025-02-18T14:57:15","modified_gmt":"2025-02-18T13:57:15","slug":"privacy-statement","status":"publish","type":"page","link":"https:\/\/www.advokat1.com\/en\/personvernerklaering\/","title":{"rendered":"Privacy policy"},"content":{"rendered":"<p>Advokat 1 AS<\/p>\n\n\n\n<p><a href=\"tel:40003150\">400 03 150<\/a><br><a href=\"mailto:post@advokat1.com\">post@advokat1.com<\/a><\/p>\n\n\n\n<p>Organisation number:<br>998 820 42<br><br>Kirkegata 31<br>4006 Stavanger, Norway<\/p>\n\n\n\n<h2 class=\"wp-block-heading\">Information we collect<\/h2>\n\n\n\n<p>When you visit the website, our web provider may collect information that is necessary to deliver a safe and reliable service. You can read more about this in&nbsp;<a href=\"https:\/\/www.hjelseth.com\/personvern\/\">Hjelseth's privacy policy<\/a>. <\/p>\n\n\n\n<h2 class=\"wp-block-heading\">Information cookies (cookies)<\/h2>\n\n\n\n<h3 class=\"wp-block-heading\">How we use cookies<\/h3>\n\n\n\n<p>We use cookies to provide you with better services. Some cookies are absolutely necessary for the functionality of the websites, while others are used to improve performance and user experience. <\/p>\n\n\n\n<p>Functional cookies are used to:<\/p>\n\n\n\n<ul class=\"wp-block-list\">\n<li>remember your login details<\/li>\n\n\n\n<li>Ensure security when you are logged in<\/li>\n\n\n\n<li>Ensure that the websites look consistent<\/li>\n<\/ul>\n\n\n\n<p>Performance cookies are used to:<\/p>\n\n\n\n<ul class=\"wp-block-list\">\n<li>Improve website performance by making pages load faster<\/li>\n\n\n\n<li>improve the user experience<\/li>\n<\/ul>\n\n\n\n<p>Targeted cookies are used to:<\/p>\n\n\n\n<ul class=\"wp-block-list\">\n<li>let you share and like content<\/li>\n\n\n\n<li>send information to other websites to personalise their advertising<\/li>\n<\/ul>\n\n\n\n<h4 class=\"wp-block-heading\">Examples of use<\/h4>\n\n\n\n<p>Cookies are used to provide you with better services, for example by:<\/p>\n\n\n\n<ul class=\"wp-block-list\">\n<li>activate a service that recognises your device so you don't have to enter the same information multiple times<\/li>\n\n\n\n<li>remember that you've already entered your username and password when you're logged in to the pages, so you don't have to do it again for each page<\/li>\n\n\n\n<li>measure how many people use our services, so we can make them easier and faster<\/li>\n\n\n\n<li>analyse data to help us understand how you use online services so that we can improve them<\/li>\n<\/ul>\n\n\n\n<p>If you do not allow us to use cookies, certain features and the websites will not function properly.<br>If you want to delete cookies that are already stored on your computer, you need to follow the instructions for your browser by clicking on settings in the menu.<\/p>\n\n\n\n<p>You can read more about cookies and how to use them at&nbsp;<a href=\"http:\/\/www.aboutcookies.org\/\">www.aboutcookies.org<\/a>&nbsp;or by clicking on Help in your browser.<\/p>\n\n\n\n<h3 class=\"wp-block-heading\">Contact form<\/h3>\n\n\n\n<p>On our website, you can contact us via a contact form, in which case we will ask for the name and contact details of a contact person. The personal data we receive in response to your enquiry will not be used for any purpose other than to contact you.&nbsp;<\/p>\n\n\n\n<p>The general contact form is sent to the secretary in the administration and a responsible lawyer. If you use the contact form for a specific lawyer, this will only be received by that lawyer.<\/p>\n\n\n\n<h3 class=\"wp-block-heading\">Third party content<\/h3>\n\n\n\n<p>We sometimes include video clips, images or content from other third-party websites. Such content treats the visitor as if they were on the included content's own website and it may therefore occur that cookies are stored or statistics are collected by these third parties.<\/p>","protected":false},"excerpt":{"rendered":"<p>Advokat 1 AS 400 03 150post@advokat1.com Organisation number: 998 820 42 Kirkegata 314006 Stavanger Information we collect When you visit the website, our web provider may collect information that is necessary to deliver a stable service. You can read more about this in Hjelseth's privacy policy. Cookies How we use cookies We use cookies to provide our customers with...<\/p>","protected":false},"author":1,"featured_media":0,"parent":0,"menu_order":0,"comment_status":"closed","ping_status":"closed","template":"","meta":{"_acf_changed":false,"footnotes":""},"fagfelt":[],"class_list":["post-3","page","type-page","status-publish","hentry"],"acf":[],"yoast_head":"<!-- This site is optimized with the Yoast SEO plugin v27.4 - https:\/\/yoast.com\/product\/yoast-seo-wordpress\/ -->\n<title>Personvernerkl\u00e6ring - Advokat 1<\/title>\n<meta name=\"robots\" content=\"index, follow, max-snippet:-1, max-image-preview:large, max-video-preview:-1\" \/>\n<link rel=\"canonical\" href=\"https:\/\/www.advokat1.com\/en\/privacy-statement\/\" \/>\n<meta property=\"og:locale\" content=\"en_GB\" \/>\n<meta property=\"og:type\" content=\"article\" \/>\n<meta property=\"og:title\" content=\"Personvernerkl\u00e6ring - Advokat 1\" \/>\n<meta property=\"og:description\" content=\"Advokat 1 AS 400 03 150post@advokat1.com Organisasjonsnummer:998 820 42 Kirkegata 314006 Stavanger Informasjon vi innhenter Ved bes\u00f8k p\u00e5 nettsiden vil v\u00e5r nettleverand\u00f8r kunne innhente informasjon som er n\u00f8dvendig for \u00e5 levere en stabil tjeneste. Det kan leses mer om dette i&nbsp;personvernerkl\u00e6ringen til Hjelseth. Informasjonskapsler (cookies) Hvordan vi bruker cookies Vi bruker cookies for \u00e5 gi&hellip;\" \/>\n<meta property=\"og:url\" content=\"https:\/\/www.advokat1.com\/en\/privacy-statement\/\" \/>\n<meta property=\"og:site_name\" content=\"Advokat 1\" \/>\n<meta property=\"article:publisher\" content=\"https:\/\/www.facebook.com\/advokat1.no\/\" \/>\n<meta property=\"article:modified_time\" content=\"2025-02-18T13:57:15+00:00\" \/>\n<meta name=\"twitter:card\" content=\"summary_large_image\" \/>\n<meta name=\"twitter:label1\" content=\"Estimated reading time\" \/>\n\t<meta name=\"twitter:data1\" content=\"3 minutes\" \/>\n<script type=\"application\/ld+json\" class=\"yoast-schema-graph\">{\"@context\":\"https:\\\/\\\/schema.org\",\"@graph\":[{\"@type\":\"WebPage\",\"@id\":\"https:\\\/\\\/www.advokat1.com\\\/personvernerklaering\\\/\",\"url\":\"https:\\\/\\\/www.advokat1.com\\\/personvernerklaering\\\/\",\"name\":\"Personvernerkl\u00e6ring - Advokat 1\",\"isPartOf\":{\"@id\":\"https:\\\/\\\/www.advokat1.com\\\/#website\"},\"datePublished\":\"2024-10-27T23:23:19+00:00\",\"dateModified\":\"2025-02-18T13:57:15+00:00\",\"breadcrumb\":{\"@id\":\"https:\\\/\\\/www.advokat1.com\\\/personvernerklaering\\\/#breadcrumb\"},\"inLanguage\":\"en-GB\",\"potentialAction\":[{\"@type\":\"ReadAction\",\"target\":[\"https:\\\/\\\/www.advokat1.com\\\/personvernerklaering\\\/\"]}]},{\"@type\":\"BreadcrumbList\",\"@id\":\"https:\\\/\\\/www.advokat1.com\\\/personvernerklaering\\\/#breadcrumb\",\"itemListElement\":[{\"@type\":\"ListItem\",\"position\":1,\"name\":\"Hjem\",\"item\":\"https:\\\/\\\/www.advokat1.com\\\/\"},{\"@type\":\"ListItem\",\"position\":2,\"name\":\"Personvernerkl\u00e6ring\"}]},{\"@type\":\"WebSite\",\"@id\":\"https:\\\/\\\/www.advokat1.com\\\/#website\",\"url\":\"https:\\\/\\\/www.advokat1.com\\\/\",\"name\":\"Advokat 1\",\"description\":\"\",\"publisher\":{\"@id\":\"https:\\\/\\\/www.advokat1.com\\\/#organization\"},\"potentialAction\":[{\"@type\":\"SearchAction\",\"target\":{\"@type\":\"EntryPoint\",\"urlTemplate\":\"https:\\\/\\\/www.advokat1.com\\\/?s={search_term_string}\"},\"query-input\":{\"@type\":\"PropertyValueSpecification\",\"valueRequired\":true,\"valueName\":\"search_term_string\"}}],\"inLanguage\":\"en-GB\"},{\"@type\":\"Organization\",\"@id\":\"https:\\\/\\\/www.advokat1.com\\\/#organization\",\"name\":\"Advokat1\",\"alternateName\":\"Advokat 1 Stavanger\",\"url\":\"https:\\\/\\\/www.advokat1.com\\\/\",\"logo\":{\"@type\":\"ImageObject\",\"inLanguage\":\"en-GB\",\"@id\":\"https:\\\/\\\/www.advokat1.com\\\/#\\\/schema\\\/logo\\\/image\\\/\",\"url\":\"https:\\\/\\\/www.advokat1.com\\\/wp-content\\\/uploads\\\/2024\\\/11\\\/cropped-favicon.png\",\"contentUrl\":\"https:\\\/\\\/www.advokat1.com\\\/wp-content\\\/uploads\\\/2024\\\/11\\\/cropped-favicon.png\",\"width\":512,\"height\":512,\"caption\":\"Advokat1\"},\"image\":{\"@id\":\"https:\\\/\\\/www.advokat1.com\\\/#\\\/schema\\\/logo\\\/image\\\/\"},\"sameAs\":[\"https:\\\/\\\/www.facebook.com\\\/advokat1.no\\\/\"]}]}<\/script>\n<!-- \/ Yoast SEO plugin. -->","yoast_head_json":{"title":"Privacy policy - Lawyer 1","robots":{"index":"index","follow":"follow","max-snippet":"max-snippet:-1","max-image-preview":"max-image-preview:large","max-video-preview":"max-video-preview:-1"},"canonical":"https:\/\/www.advokat1.com\/en\/privacy-statement\/","og_locale":"en_GB","og_type":"article","og_title":"Personvernerkl\u00e6ring - Advokat 1","og_description":"Advokat 1 AS 400 03 150post@advokat1.com Organisasjonsnummer:998 820 42 Kirkegata 314006 Stavanger Informasjon vi innhenter Ved bes\u00f8k p\u00e5 nettsiden vil v\u00e5r nettleverand\u00f8r kunne innhente informasjon som er n\u00f8dvendig for \u00e5 levere en stabil tjeneste. Det kan leses mer om dette i&nbsp;personvernerkl\u00e6ringen til Hjelseth. Informasjonskapsler (cookies) Hvordan vi bruker cookies Vi bruker cookies for \u00e5 gi&hellip;","og_url":"https:\/\/www.advokat1.com\/en\/privacy-statement\/","og_site_name":"Advokat 1","article_publisher":"https:\/\/www.facebook.com\/advokat1.no\/","article_modified_time":"2025-02-18T13:57:15+00:00","twitter_card":"summary_large_image","twitter_misc":{"Estimated reading time":"3 minutes"},"schema":{"@context":"https:\/\/schema.org","@graph":[{"@type":"WebPage","@id":"https:\/\/www.advokat1.com\/personvernerklaering\/","url":"https:\/\/www.advokat1.com\/personvernerklaering\/","name":"Privacy policy - Lawyer 1","isPartOf":{"@id":"https:\/\/www.advokat1.com\/#website"},"datePublished":"2024-10-27T23:23:19+00:00","dateModified":"2025-02-18T13:57:15+00:00","breadcrumb":{"@id":"https:\/\/www.advokat1.com\/personvernerklaering\/#breadcrumb"},"inLanguage":"en-GB","potentialAction":[{"@type":"ReadAction","target":["https:\/\/www.advokat1.com\/personvernerklaering\/"]}]},{"@type":"BreadcrumbList","@id":"https:\/\/www.advokat1.com\/personvernerklaering\/#breadcrumb","itemListElement":[{"@type":"ListItem","position":1,"name":"Hjem","item":"https:\/\/www.advokat1.com\/"},{"@type":"ListItem","position":2,"name":"Personvernerkl\u00e6ring"}]},{"@type":"WebSite","@id":"https:\/\/www.advokat1.com\/#website","url":"https:\/\/www.advokat1.com\/","name":"Advokat 1","description":"","publisher":{"@id":"https:\/\/www.advokat1.com\/#organization"},"potentialAction":[{"@type":"SearchAction","target":{"@type":"EntryPoint","urlTemplate":"https:\/\/www.advokat1.com\/?s={search_term_string}"},"query-input":{"@type":"PropertyValueSpecification","valueRequired":true,"valueName":"search_term_string"}}],"inLanguage":"en-GB"},{"@type":"Organization","@id":"https:\/\/www.advokat1.com\/#organization","name":"Lawyer1","alternateName":"Advokat 1 Stavanger","url":"https:\/\/www.advokat1.com\/","logo":{"@type":"ImageObject","inLanguage":"en-GB","@id":"https:\/\/www.advokat1.com\/#\/schema\/logo\/image\/","url":"https:\/\/www.advokat1.com\/wp-content\/uploads\/2024\/11\/cropped-favicon.png","contentUrl":"https:\/\/www.advokat1.com\/wp-content\/uploads\/2024\/11\/cropped-favicon.png","width":512,"height":512,"caption":"Advokat1"},"image":{"@id":"https:\/\/www.advokat1.com\/#\/schema\/logo\/image\/"},"sameAs":["https:\/\/www.facebook.com\/advokat1.no\/"]}]}},"_links":{"self":[{"href":"https:\/\/www.advokat1.com\/en\/wp-json\/wp\/v2\/pages\/3","targetHints":{"allow":["GET"]}}],"collection":[{"href":"https:\/\/www.advokat1.com\/en\/wp-json\/wp\/v2\/pages"}],"about":[{"href":"https:\/\/www.advokat1.com\/en\/wp-json\/wp\/v2\/types\/page"}],"author":[{"embeddable":true,"href":"https:\/\/www.advokat1.com\/en\/wp-json\/wp\/v2\/users\/1"}],"replies":[{"embeddable":true,"href":"https:\/\/www.advokat1.com\/en\/wp-json\/wp\/v2\/comments?post=3"}],"version-history":[{"count":1,"href":"https:\/\/www.advokat1.com\/en\/wp-json\/wp\/v2\/pages\/3\/revisions"}],"predecessor-version":[{"id":8417,"href":"https:\/\/www.advokat1.com\/en\/wp-json\/wp\/v2\/pages\/3\/revisions\/8417"}],"wp:attachment":[{"href":"https:\/\/www.advokat1.com\/en\/wp-json\/wp\/v2\/media?parent=3"}],"wp:term":[{"taxonomy":"fagfelt","embeddable":true,"href":"https:\/\/www.advokat1.com\/en\/wp-json\/wp\/v2\/fagfelt?post=3"}],"curies":[{"name":"wp","href":"https:\/\/api.w.org\/{rel}","templated":true}]}}