{"id":7744,"date":"2024-10-30T14:51:07","date_gmt":"2024-10-30T13:51:07","guid":{"rendered":"https:\/\/www-advokat1.wp1.hcweb.dev\/?page_id=7744"},"modified":"2025-02-18T14:47:37","modified_gmt":"2025-02-18T13:47:37","slug":"prices","status":"publish","type":"page","link":"https:\/\/www.advokat1.com\/en\/priser\/","title":{"rendered":"Prices"},"content":{"rendered":"<h3 class=\"wp-block-heading\">General information<\/h3>\n\n\n\n<p>Fees are agreed individually for each case. With a few exceptions, an assignment confirmation will be prepared for each assignment. The following is only indicative for assignments in consumer matters. Fees will be determined in accordance with the rules of the Norwegian Bar and Law Society Regulations, based on an hourly rate varying between NOK 1,650 and NOK 4,500 incl. VAT, and in such a way that when determining the fee, consideration will also be given to the degree of difficulty, scope and importance of the case for the client. Otherwise, the specific fee agreements will vary according to the nature of the assignment.<\/p>\n\n\n\n<h3 class=\"wp-block-heading\">Free legal aid<\/h3>\n\n\n\n<p>In some areas of law, such as, but not limited to, family law, inheritance law, probate law and labour law, it is possible to apply for free legal aid at public expense against payment of a deductible, if the client's gross annual income is NOK 350,000 or less for singles, and NOK 540,000 or less for cohabitants\/spouses, when the client also has no more than NOK 150,000 in gross assets. The lawyer will provide information about the scheme and ensure that an application is made if the conditions are considered to be met.<\/p>\n\n\n\n<p>Read more about this at <a href=\"https:\/\/www.sivilrett.no\/fri-rettshjelp\">Civil law administration<\/a>.<\/p>\n\n\n\n<h3 class=\"wp-block-heading\">Insurance cover<\/h3>\n\n\n\n<p>Many insurance contracts contain a legal expenses insurance scheme, which in some areas of law, when a dispute has arisen with an opposing party, can help to cover part of the client's own expenses for a lawyer and costs in connection with the case. The lawyer will provide information about the scheme, and in cases where there are grounds for this, by agreement with the client, may apply to the insurance company for insurance cover.<\/p>","protected":false},"excerpt":{"rendered":"<p>General Fees are agreed individually for each case. With few exceptions, an assignment confirmation will be prepared for each assignment. The following is only indicative for assignments in consumer matters. Fees are determined in accordance with the rules of the Norwegian Bar and Law Society Regulations, based on an hourly rate varying between NOK 1,650 and NOK 4,500 incl. VAT, and in such a way that the...<\/p>","protected":false},"author":1,"featured_media":0,"parent":0,"menu_order":0,"comment_status":"closed","ping_status":"closed","template":"","meta":{"_acf_changed":false,"footnotes":""},"fagfelt":[],"class_list":["post-7744","page","type-page","status-publish","hentry"],"acf":[],"yoast_head":"<!-- This site is optimized with the Yoast SEO plugin v27.3 - https:\/\/yoast.com\/product\/yoast-seo-wordpress\/ -->\n<title>Priser - Advokat 1<\/title>\n<meta name=\"robots\" content=\"index, follow, max-snippet:-1, max-image-preview:large, max-video-preview:-1\" \/>\n<link rel=\"canonical\" href=\"https:\/\/www.advokat1.com\/en\/prices\/\" \/>\n<meta property=\"og:locale\" content=\"en_GB\" \/>\n<meta property=\"og:type\" content=\"article\" \/>\n<meta property=\"og:title\" content=\"Priser - Advokat 1\" \/>\n<meta property=\"og:description\" content=\"Generelt Sal\u00e6ret avtales individuelt for hver enkel sak. Det vil, med f\u00e5 unntak, bli utarbeidet oppdragsbekreftelse for hvert oppdrag. Nedenst\u00e5ende er bare veiledende for oppdrag i forbrukerforhold. Sal\u00e6r fastsettes i tr\u00e5d med advokatforskriftens regler, med utgangspunkt i en timesats varierende mellom kr 1.650 og kr 4500 inkl. mva, og slik at det ved sal\u00e6rfastsettelsen ogs\u00e5&hellip;\" \/>\n<meta property=\"og:url\" content=\"https:\/\/www.advokat1.com\/en\/prices\/\" \/>\n<meta property=\"og:site_name\" content=\"Advokat 1\" \/>\n<meta property=\"article:publisher\" content=\"https:\/\/www.facebook.com\/advokat1.no\/\" \/>\n<meta property=\"article:modified_time\" content=\"2025-02-18T13:47:37+00:00\" \/>\n<meta name=\"twitter:card\" content=\"summary_large_image\" \/>\n<meta name=\"twitter:label1\" content=\"Estimated reading time\" \/>\n\t<meta name=\"twitter:data1\" content=\"2 minutes\" \/>\n<script type=\"application\/ld+json\" class=\"yoast-schema-graph\">{\"@context\":\"https:\\\/\\\/schema.org\",\"@graph\":[{\"@type\":\"WebPage\",\"@id\":\"https:\\\/\\\/www.advokat1.com\\\/priser\\\/\",\"url\":\"https:\\\/\\\/www.advokat1.com\\\/priser\\\/\",\"name\":\"Priser - Advokat 1\",\"isPartOf\":{\"@id\":\"https:\\\/\\\/www.advokat1.com\\\/#website\"},\"datePublished\":\"2024-10-30T13:51:07+00:00\",\"dateModified\":\"2025-02-18T13:47:37+00:00\",\"breadcrumb\":{\"@id\":\"https:\\\/\\\/www.advokat1.com\\\/priser\\\/#breadcrumb\"},\"inLanguage\":\"en-GB\",\"potentialAction\":[{\"@type\":\"ReadAction\",\"target\":[\"https:\\\/\\\/www.advokat1.com\\\/priser\\\/\"]}]},{\"@type\":\"BreadcrumbList\",\"@id\":\"https:\\\/\\\/www.advokat1.com\\\/priser\\\/#breadcrumb\",\"itemListElement\":[{\"@type\":\"ListItem\",\"position\":1,\"name\":\"Hjem\",\"item\":\"https:\\\/\\\/www.advokat1.com\\\/\"},{\"@type\":\"ListItem\",\"position\":2,\"name\":\"Priser\"}]},{\"@type\":\"WebSite\",\"@id\":\"https:\\\/\\\/www.advokat1.com\\\/#website\",\"url\":\"https:\\\/\\\/www.advokat1.com\\\/\",\"name\":\"Advokat 1\",\"description\":\"\",\"publisher\":{\"@id\":\"https:\\\/\\\/www.advokat1.com\\\/#organization\"},\"potentialAction\":[{\"@type\":\"SearchAction\",\"target\":{\"@type\":\"EntryPoint\",\"urlTemplate\":\"https:\\\/\\\/www.advokat1.com\\\/?s={search_term_string}\"},\"query-input\":{\"@type\":\"PropertyValueSpecification\",\"valueRequired\":true,\"valueName\":\"search_term_string\"}}],\"inLanguage\":\"en-GB\"},{\"@type\":\"Organization\",\"@id\":\"https:\\\/\\\/www.advokat1.com\\\/#organization\",\"name\":\"Advokat1\",\"alternateName\":\"Advokat 1 Stavanger\",\"url\":\"https:\\\/\\\/www.advokat1.com\\\/\",\"logo\":{\"@type\":\"ImageObject\",\"inLanguage\":\"en-GB\",\"@id\":\"https:\\\/\\\/www.advokat1.com\\\/#\\\/schema\\\/logo\\\/image\\\/\",\"url\":\"https:\\\/\\\/www.advokat1.com\\\/wp-content\\\/uploads\\\/2024\\\/11\\\/cropped-favicon.png\",\"contentUrl\":\"https:\\\/\\\/www.advokat1.com\\\/wp-content\\\/uploads\\\/2024\\\/11\\\/cropped-favicon.png\",\"width\":512,\"height\":512,\"caption\":\"Advokat1\"},\"image\":{\"@id\":\"https:\\\/\\\/www.advokat1.com\\\/#\\\/schema\\\/logo\\\/image\\\/\"},\"sameAs\":[\"https:\\\/\\\/www.facebook.com\\\/advokat1.no\\\/\"]}]}<\/script>\n<!-- \/ Yoast SEO plugin. -->","yoast_head_json":{"title":"Prices - Lawyer 1","robots":{"index":"index","follow":"follow","max-snippet":"max-snippet:-1","max-image-preview":"max-image-preview:large","max-video-preview":"max-video-preview:-1"},"canonical":"https:\/\/www.advokat1.com\/en\/prices\/","og_locale":"en_GB","og_type":"article","og_title":"Priser - Advokat 1","og_description":"Generelt Sal\u00e6ret avtales individuelt for hver enkel sak. Det vil, med f\u00e5 unntak, bli utarbeidet oppdragsbekreftelse for hvert oppdrag. Nedenst\u00e5ende er bare veiledende for oppdrag i forbrukerforhold. Sal\u00e6r fastsettes i tr\u00e5d med advokatforskriftens regler, med utgangspunkt i en timesats varierende mellom kr 1.650 og kr 4500 inkl. mva, og slik at det ved sal\u00e6rfastsettelsen ogs\u00e5&hellip;","og_url":"https:\/\/www.advokat1.com\/en\/prices\/","og_site_name":"Advokat 1","article_publisher":"https:\/\/www.facebook.com\/advokat1.no\/","article_modified_time":"2025-02-18T13:47:37+00:00","twitter_card":"summary_large_image","twitter_misc":{"Estimated reading time":"2 minutes"},"schema":{"@context":"https:\/\/schema.org","@graph":[{"@type":"WebPage","@id":"https:\/\/www.advokat1.com\/priser\/","url":"https:\/\/www.advokat1.com\/priser\/","name":"Prices - Lawyer 1","isPartOf":{"@id":"https:\/\/www.advokat1.com\/#website"},"datePublished":"2024-10-30T13:51:07+00:00","dateModified":"2025-02-18T13:47:37+00:00","breadcrumb":{"@id":"https:\/\/www.advokat1.com\/priser\/#breadcrumb"},"inLanguage":"en-GB","potentialAction":[{"@type":"ReadAction","target":["https:\/\/www.advokat1.com\/priser\/"]}]},{"@type":"BreadcrumbList","@id":"https:\/\/www.advokat1.com\/priser\/#breadcrumb","itemListElement":[{"@type":"ListItem","position":1,"name":"Hjem","item":"https:\/\/www.advokat1.com\/"},{"@type":"ListItem","position":2,"name":"Priser"}]},{"@type":"WebSite","@id":"https:\/\/www.advokat1.com\/#website","url":"https:\/\/www.advokat1.com\/","name":"Advokat 1","description":"","publisher":{"@id":"https:\/\/www.advokat1.com\/#organization"},"potentialAction":[{"@type":"SearchAction","target":{"@type":"EntryPoint","urlTemplate":"https:\/\/www.advokat1.com\/?s={search_term_string}"},"query-input":{"@type":"PropertyValueSpecification","valueRequired":true,"valueName":"search_term_string"}}],"inLanguage":"en-GB"},{"@type":"Organization","@id":"https:\/\/www.advokat1.com\/#organization","name":"Lawyer1","alternateName":"Advokat 1 Stavanger","url":"https:\/\/www.advokat1.com\/","logo":{"@type":"ImageObject","inLanguage":"en-GB","@id":"https:\/\/www.advokat1.com\/#\/schema\/logo\/image\/","url":"https:\/\/www.advokat1.com\/wp-content\/uploads\/2024\/11\/cropped-favicon.png","contentUrl":"https:\/\/www.advokat1.com\/wp-content\/uploads\/2024\/11\/cropped-favicon.png","width":512,"height":512,"caption":"Advokat1"},"image":{"@id":"https:\/\/www.advokat1.com\/#\/schema\/logo\/image\/"},"sameAs":["https:\/\/www.facebook.com\/advokat1.no\/"]}]}},"_links":{"self":[{"href":"https:\/\/www.advokat1.com\/en\/wp-json\/wp\/v2\/pages\/7744","targetHints":{"allow":["GET"]}}],"collection":[{"href":"https:\/\/www.advokat1.com\/en\/wp-json\/wp\/v2\/pages"}],"about":[{"href":"https:\/\/www.advokat1.com\/en\/wp-json\/wp\/v2\/types\/page"}],"author":[{"embeddable":true,"href":"https:\/\/www.advokat1.com\/en\/wp-json\/wp\/v2\/users\/1"}],"replies":[{"embeddable":true,"href":"https:\/\/www.advokat1.com\/en\/wp-json\/wp\/v2\/comments?post=7744"}],"version-history":[{"count":1,"href":"https:\/\/www.advokat1.com\/en\/wp-json\/wp\/v2\/pages\/7744\/revisions"}],"predecessor-version":[{"id":8415,"href":"https:\/\/www.advokat1.com\/en\/wp-json\/wp\/v2\/pages\/7744\/revisions\/8415"}],"wp:attachment":[{"href":"https:\/\/www.advokat1.com\/en\/wp-json\/wp\/v2\/media?parent=7744"}],"wp:term":[{"taxonomy":"fagfelt","embeddable":true,"href":"https:\/\/www.advokat1.com\/en\/wp-json\/wp\/v2\/fagfelt?post=7744"}],"curies":[{"name":"wp","href":"https:\/\/api.w.org\/{rel}","templated":true}]}}